{"id":3581,"date":"2023-08-14T10:15:31","date_gmt":"2023-08-14T08:15:31","guid":{"rendered":"https:\/\/dar-el-hana.com\/?page_id=3581"},"modified":"2023-09-11T15:00:09","modified_gmt":"2023-09-11T13:00:09","slug":"road-trip-van","status":"publish","type":"page","link":"https:\/\/dar-el-hana.com\/index.php\/road-trip-van\/","title":{"rendered":"Road trip van"},"content":{"rendered":"\t\t<div data-elementor-type=\"wp-page\" data-elementor-id=\"3581\" class=\"elementor elementor-3581\">\n\t\t\t\t\t\t<section class=\"elementor-section elementor-top-section elementor-element elementor-element-3282918 elementor-section-full_width elementor-section-height-min-height elementor-section-height-default elementor-section-items-middle elementor-invisible\" data-id=\"3282918\" data-element_type=\"section\" data-e-type=\"section\" data-settings=\"{&quot;background_background&quot;:&quot;classic&quot;,&quot;animation&quot;:&quot;fadeIn&quot;,&quot;animation_tablet&quot;:&quot;fadeIn&quot;,&quot;animation_mobile&quot;:&quot;fadeIn&quot;}\">\n\t\t\t\t\t\t\t<div class=\"elementor-background-overlay\"><\/div>\n\t\t\t\t\t\t\t<div class=\"elementor-container elementor-column-gap-default\">\n\t\t\t\t\t<div class=\"elementor-column elementor-col-100 elementor-top-column elementor-element elementor-element-ac729a3\" data-id=\"ac729a3\" data-element_type=\"column\" data-e-type=\"column\">\n\t\t\t<div class=\"elementor-widget-wrap elementor-element-populated\">\n\t\t\t\t\t\t<div class=\"elementor-element elementor-element-da288b7 elementor-invisible elementor-widget elementor-widget-heading\" data-id=\"da288b7\" data-element_type=\"widget\" data-e-type=\"widget\" data-settings=\"{&quot;_animation&quot;:&quot;fadeIn&quot;,&quot;_animation_tablet&quot;:&quot;fadeIn&quot;,&quot;_animation_mobile&quot;:&quot;fadeIn&quot;}\" data-widget_type=\"heading.default\">\n\t\t\t\t<div class=\"elementor-widget-container\">\n\t\t\t\t\t<h2 class=\"elementor-heading-title elementor-size-default\">Road trip van<\/h2>\t\t\t\t<\/div>\n\t\t\t\t<\/div>\n\t\t\t\t\t<\/div>\n\t\t<\/div>\n\t\t\t\t\t<\/div>\n\t\t<\/section>\n\t\t\t\t<section class=\"elementor-section elementor-top-section elementor-element elementor-element-153f9bc elementor-section-full_width elementor-section-height-default elementor-section-height-default\" data-id=\"153f9bc\" data-element_type=\"section\" data-e-type=\"section\">\n\t\t\t\t\t\t<div class=\"elementor-container elementor-column-gap-default\">\n\t\t\t\t\t<div class=\"elementor-column elementor-col-100 elementor-top-column elementor-element elementor-element-c33b146\" data-id=\"c33b146\" data-element_type=\"column\" data-e-type=\"column\">\n\t\t\t<div class=\"elementor-widget-wrap elementor-element-populated\">\n\t\t\t\t\t\t<div class=\"elementor-element elementor-element-bac8634 elementor-widget elementor-widget-spacer\" data-id=\"bac8634\" data-element_type=\"widget\" data-e-type=\"widget\" data-widget_type=\"spacer.default\">\n\t\t\t\t<div class=\"elementor-widget-container\">\n\t\t\t\t\t\t\t<div class=\"elementor-spacer\">\n\t\t\t<div class=\"elementor-spacer-inner\"><\/div>\n\t\t<\/div>\n\t\t\t\t\t\t<\/div>\n\t\t\t\t<\/div>\n\t\t\t\t\t<\/div>\n\t\t<\/div>\n\t\t\t\t\t<\/div>\n\t\t<\/section>\n\t\t\t\t<section class=\"elementor-section elementor-top-section elementor-element elementor-element-04c7877 elementor-section-boxed elementor-section-height-default elementor-section-height-default\" data-id=\"04c7877\" data-element_type=\"section\" data-e-type=\"section\">\n\t\t\t\t\t\t<div class=\"elementor-container elementor-column-gap-default\">\n\t\t\t\t\t<div class=\"elementor-column elementor-col-100 elementor-top-column elementor-element elementor-element-9be0e44\" data-id=\"9be0e44\" data-element_type=\"column\" data-e-type=\"column\">\n\t\t\t<div class=\"elementor-widget-wrap elementor-element-populated\">\n\t\t\t\t\t\t<div class=\"elementor-element elementor-element-4180266 elementor-invisible elementor-widget elementor-widget-heading\" data-id=\"4180266\" data-element_type=\"widget\" data-e-type=\"widget\" data-settings=\"{&quot;_animation&quot;:&quot;fadeInDown&quot;,&quot;_animation_tablet&quot;:&quot;fadeIn&quot;,&quot;_animation_mobile&quot;:&quot;fadeIn&quot;}\" data-widget_type=\"heading.default\">\n\t\t\t\t<div class=\"elementor-widget-container\">\n\t\t\t\t\t<h2 class=\"elementor-heading-title elementor-size-default\">Road trip avec le van de Dar El Hana<\/h2>\t\t\t\t<\/div>\n\t\t\t\t<\/div>\n\t\t\t\t<div class=\"elementor-element elementor-element-08279d1 elementor-invisible elementor-widget elementor-widget-text-editor\" data-id=\"08279d1\" data-element_type=\"widget\" data-e-type=\"widget\" data-settings=\"{&quot;_animation&quot;:&quot;fadeInDown&quot;,&quot;_animation_tablet&quot;:&quot;fadeInDown&quot;,&quot;_animation_mobile&quot;:&quot;fadeInDown&quot;}\" data-widget_type=\"text-editor.default\">\n\t\t\t\t<div class=\"elementor-widget-container\">\n\t\t\t\t\t\t\t\t\t<p>Profitez de votre s\u00e9jour pour d\u00e9couvrir en profondeur le Maroc en louant notre van pour un road trip.<\/p><p>Notre van tout \u00e9quip\u00e9 est propos\u00e9 uniquement \u00e0 nos clients (2 personnes maximum) au tarif de <strong>70\u20ac\/jour pour 200km\/jour maximum.<\/strong><\/p>\t\t\t\t\t\t\t\t<\/div>\n\t\t\t\t<\/div>\n\t\t\t\t<div class=\"elementor-element elementor-element-542c6f9 elementor-invisible elementor-widget elementor-widget-text-editor\" data-id=\"542c6f9\" data-element_type=\"widget\" data-e-type=\"widget\" data-settings=\"{&quot;_animation&quot;:&quot;fadeInUp&quot;,&quot;_animation_tablet&quot;:&quot;fadeInUp&quot;,&quot;_animation_mobile&quot;:&quot;fadeInUp&quot;}\" data-widget_type=\"text-editor.default\">\n\t\t\t\t<div class=\"elementor-widget-container\">\n\t\t\t\t\t\t\t\t\t<p>C&rsquo;est par le biais des rencontres que vous ferez au cours de votre parcours que le Maroc et les Marocains s&rsquo;ouvriront \u00e0 vous et vous laisseront entrevoir \u00e0 travers leur hospitalit\u00e9 les tr\u00e9sors qu&rsquo;abrite le pays.<\/p><p>Les souks grouillants et color\u00e9s et leurs myst\u00e9rieuses odeurs d&rsquo;\u00e9pices, les imposants palais et jardins luxuriants ou encore ces \u00e9tendues de sable qui s&rsquo;\u00e9tirent jusqu&rsquo;\u00e0 l&rsquo;horizon. Quel que soit votre voyage, les moments d&rsquo;\u00e9merveillement seront forc\u00e9ment au rendez-vous.<\/p>\t\t\t\t\t\t\t\t<\/div>\n\t\t\t\t<\/div>\n\t\t\t\t<section class=\"elementor-section elementor-inner-section elementor-element elementor-element-6acf886 elementor-section-boxed elementor-section-height-default elementor-section-height-default elementor-invisible\" data-id=\"6acf886\" data-element_type=\"section\" data-e-type=\"section\" data-settings=\"{&quot;animation&quot;:&quot;fadeInUp&quot;,&quot;animation_tablet&quot;:&quot;fadeInUp&quot;,&quot;animation_mobile&quot;:&quot;fadeInUp&quot;}\">\n\t\t\t\t\t\t<div class=\"elementor-container elementor-column-gap-default\">\n\t\t\t\t\t<div class=\"elementor-column elementor-col-50 elementor-inner-column elementor-element elementor-element-ae71306\" data-id=\"ae71306\" data-element_type=\"column\" data-e-type=\"column\">\n\t\t\t<div class=\"elementor-widget-wrap elementor-element-populated\">\n\t\t\t\t\t\t<div class=\"elementor-element elementor-element-b0273fa elementor-widget elementor-widget-image\" data-id=\"b0273fa\" data-element_type=\"widget\" data-e-type=\"widget\" data-widget_type=\"image.default\">\n\t\t\t\t<div class=\"elementor-widget-container\">\n\t\t\t\t\t\t\t\t\t\t\t\t\t\t\t<img fetchpriority=\"high\" decoding=\"async\" width=\"1024\" height=\"496\" src=\"https:\/\/dar-el-hana.com\/wp-content\/uploads\/2023\/08\/aquarelle_van_simple-1-1024x496.jpg\" class=\"attachment-large size-large wp-image-3969\" alt=\"\" srcset=\"https:\/\/dar-el-hana.com\/wp-content\/uploads\/2023\/08\/aquarelle_van_simple-1-1024x496.jpg 1024w, https:\/\/dar-el-hana.com\/wp-content\/uploads\/2023\/08\/aquarelle_van_simple-1-300x145.jpg 300w, https:\/\/dar-el-hana.com\/wp-content\/uploads\/2023\/08\/aquarelle_van_simple-1-768x372.jpg 768w, https:\/\/dar-el-hana.com\/wp-content\/uploads\/2023\/08\/aquarelle_van_simple-1-1536x744.jpg 1536w, https:\/\/dar-el-hana.com\/wp-content\/uploads\/2023\/08\/aquarelle_van_simple-1.jpg 1600w\" sizes=\"(max-width: 1024px) 100vw, 1024px\" \/>\t\t\t\t\t\t\t\t\t\t\t\t\t\t\t<\/div>\n\t\t\t\t<\/div>\n\t\t\t\t\t<\/div>\n\t\t<\/div>\n\t\t\t\t<div class=\"elementor-column elementor-col-50 elementor-inner-column elementor-element elementor-element-abc301b\" data-id=\"abc301b\" data-element_type=\"column\" data-e-type=\"column\">\n\t\t\t<div class=\"elementor-widget-wrap elementor-element-populated\">\n\t\t\t\t\t\t<div class=\"elementor-element elementor-element-fd1d0a6 elementor-widget elementor-widget-image\" data-id=\"fd1d0a6\" data-element_type=\"widget\" data-e-type=\"widget\" data-widget_type=\"image.default\">\n\t\t\t\t<div class=\"elementor-widget-container\">\n\t\t\t\t\t\t\t\t\t\t\t\t\t\t\t<img decoding=\"async\" width=\"900\" height=\"500\" src=\"https:\/\/dar-el-hana.com\/wp-content\/uploads\/2023\/08\/161387932_239755431179565_692437399724126224_n.jpg\" class=\"attachment-large size-large wp-image-3968\" alt=\"\" srcset=\"https:\/\/dar-el-hana.com\/wp-content\/uploads\/2023\/08\/161387932_239755431179565_692437399724126224_n.jpg 900w, https:\/\/dar-el-hana.com\/wp-content\/uploads\/2023\/08\/161387932_239755431179565_692437399724126224_n-300x167.jpg 300w, https:\/\/dar-el-hana.com\/wp-content\/uploads\/2023\/08\/161387932_239755431179565_692437399724126224_n-768x427.jpg 768w\" sizes=\"(max-width: 900px) 100vw, 900px\" \/>\t\t\t\t\t\t\t\t\t\t\t\t\t\t\t<\/div>\n\t\t\t\t<\/div>\n\t\t\t\t\t<\/div>\n\t\t<\/div>\n\t\t\t\t\t<\/div>\n\t\t<\/section>\n\t\t\t\t\t<\/div>\n\t\t<\/div>\n\t\t\t\t\t<\/div>\n\t\t<\/section>\n\t\t\t\t<\/div>\n\t\t","protected":false},"excerpt":{"rendered":"<p>Road trip van Road trip avec le van de Dar El Hana Profitez de votre s\u00e9jour pour d\u00e9couvrir en profondeur le Maroc en louant notre van pour un road trip. Notre van tout \u00e9quip\u00e9 est propos\u00e9 uniquement \u00e0 nos clients (2 personnes maximum) au tarif de 70\u20ac\/jour pour 200km\/jour maximum. C&rsquo;est par le biais des [&hellip;]<\/p>\n","protected":false},"author":2,"featured_media":0,"parent":0,"menu_order":0,"comment_status":"closed","ping_status":"closed","template":"elementor_header_footer","meta":{"footnotes":""},"class_list":["post-3581","page","type-page","status-publish","hentry","entry"],"yoast_head":"<!-- This site is optimized with the Yoast SEO plugin v27.3 - https:\/\/yoast.com\/product\/yoast-seo-wordpress\/ -->\n<title>Road trip van - Dar El Hana<\/title>\n<meta name=\"description\" content=\"Le Riad Dar el Hana est un petit h\u00f4tel familial. Nous proposons un road trip avec le van de Dar el Hana. Profitez du s\u00e9jour et du Maroc.\" \/>\n<meta name=\"robots\" content=\"index, follow, max-snippet:-1, max-image-preview:large, max-video-preview:-1\" \/>\n<link rel=\"canonical\" href=\"https:\/\/dar-el-hana.com\/index.php\/road-trip-van\/\" \/>\n<meta property=\"og:locale\" content=\"fr_FR\" \/>\n<meta property=\"og:type\" content=\"article\" \/>\n<meta property=\"og:title\" content=\"Road trip van - Dar El Hana\" \/>\n<meta property=\"og:description\" content=\"Le Riad Dar el Hana est un petit h\u00f4tel familial. Nous proposons un road trip avec le van de Dar el Hana. Profitez du s\u00e9jour et du Maroc.\" \/>\n<meta property=\"og:url\" content=\"https:\/\/dar-el-hana.com\/index.php\/road-trip-van\/\" \/>\n<meta property=\"og:site_name\" content=\"Dar El Hana\" \/>\n<meta property=\"article:publisher\" content=\"https:\/\/www.facebook.com\/profile.php?id=100095226347815\" \/>\n<meta property=\"article:modified_time\" content=\"2023-09-11T13:00:09+00:00\" \/>\n<meta property=\"og:image\" content=\"https:\/\/dar-el-hana.com\/wp-content\/uploads\/2023\/08\/aquarelle_van_simple-1-1024x496.jpg\" \/>\n<meta name=\"twitter:card\" content=\"summary_large_image\" \/>\n<meta name=\"twitter:label1\" content=\"Dur\u00e9e de lecture estim\u00e9e\" \/>\n\t<meta name=\"twitter:data1\" content=\"2 minutes\" \/>\n<script type=\"application\/ld+json\" class=\"yoast-schema-graph\">{\"@context\":\"https:\\\/\\\/schema.org\",\"@graph\":[{\"@type\":\"WebPage\",\"@id\":\"https:\\\/\\\/dar-el-hana.com\\\/index.php\\\/road-trip-van\\\/\",\"url\":\"https:\\\/\\\/dar-el-hana.com\\\/index.php\\\/road-trip-van\\\/\",\"name\":\"Road trip van - Dar El Hana\",\"isPartOf\":{\"@id\":\"https:\\\/\\\/dar-el-hana.com\\\/#website\"},\"primaryImageOfPage\":{\"@id\":\"https:\\\/\\\/dar-el-hana.com\\\/index.php\\\/road-trip-van\\\/#primaryimage\"},\"image\":{\"@id\":\"https:\\\/\\\/dar-el-hana.com\\\/index.php\\\/road-trip-van\\\/#primaryimage\"},\"thumbnailUrl\":\"https:\\\/\\\/dar-el-hana.com\\\/wp-content\\\/uploads\\\/2023\\\/08\\\/aquarelle_van_simple-1-1024x496.jpg\",\"datePublished\":\"2023-08-14T08:15:31+00:00\",\"dateModified\":\"2023-09-11T13:00:09+00:00\",\"description\":\"Le Riad Dar el Hana est un petit h\u00f4tel familial. Nous proposons un road trip avec le van de Dar el Hana. Profitez du s\u00e9jour et du Maroc.\",\"breadcrumb\":{\"@id\":\"https:\\\/\\\/dar-el-hana.com\\\/index.php\\\/road-trip-van\\\/#breadcrumb\"},\"inLanguage\":\"fr-FR\",\"potentialAction\":[{\"@type\":\"ReadAction\",\"target\":[\"https:\\\/\\\/dar-el-hana.com\\\/index.php\\\/road-trip-van\\\/\"]}]},{\"@type\":\"ImageObject\",\"inLanguage\":\"fr-FR\",\"@id\":\"https:\\\/\\\/dar-el-hana.com\\\/index.php\\\/road-trip-van\\\/#primaryimage\",\"url\":\"https:\\\/\\\/dar-el-hana.com\\\/wp-content\\\/uploads\\\/2023\\\/08\\\/aquarelle_van_simple-1.jpg\",\"contentUrl\":\"https:\\\/\\\/dar-el-hana.com\\\/wp-content\\\/uploads\\\/2023\\\/08\\\/aquarelle_van_simple-1.jpg\",\"width\":1600,\"height\":775},{\"@type\":\"BreadcrumbList\",\"@id\":\"https:\\\/\\\/dar-el-hana.com\\\/index.php\\\/road-trip-van\\\/#breadcrumb\",\"itemListElement\":[{\"@type\":\"ListItem\",\"position\":1,\"name\":\"Accueil\",\"item\":\"https:\\\/\\\/dar-el-hana.com\\\/\"},{\"@type\":\"ListItem\",\"position\":2,\"name\":\"Road trip van\"}]},{\"@type\":\"WebSite\",\"@id\":\"https:\\\/\\\/dar-el-hana.com\\\/#website\",\"url\":\"https:\\\/\\\/dar-el-hana.com\\\/\",\"name\":\"Dar El Hana\",\"description\":\"\",\"publisher\":{\"@id\":\"https:\\\/\\\/dar-el-hana.com\\\/#organization\"},\"potentialAction\":[{\"@type\":\"SearchAction\",\"target\":{\"@type\":\"EntryPoint\",\"urlTemplate\":\"https:\\\/\\\/dar-el-hana.com\\\/?s={search_term_string}\"},\"query-input\":{\"@type\":\"PropertyValueSpecification\",\"valueRequired\":true,\"valueName\":\"search_term_string\"}}],\"inLanguage\":\"fr-FR\"},{\"@type\":\"Organization\",\"@id\":\"https:\\\/\\\/dar-el-hana.com\\\/#organization\",\"name\":\"Dar El Hana\",\"alternateName\":\"Dar El Hana\",\"url\":\"https:\\\/\\\/dar-el-hana.com\\\/\",\"logo\":{\"@type\":\"ImageObject\",\"inLanguage\":\"fr-FR\",\"@id\":\"https:\\\/\\\/dar-el-hana.com\\\/#\\\/schema\\\/logo\\\/image\\\/\",\"url\":\"https:\\\/\\\/dar-el-hana.com\\\/wp-content\\\/uploads\\\/2023\\\/08\\\/image7-1.png\",\"contentUrl\":\"https:\\\/\\\/dar-el-hana.com\\\/wp-content\\\/uploads\\\/2023\\\/08\\\/image7-1.png\",\"width\":696,\"height\":696,\"caption\":\"Dar El Hana\"},\"image\":{\"@id\":\"https:\\\/\\\/dar-el-hana.com\\\/#\\\/schema\\\/logo\\\/image\\\/\"},\"sameAs\":[\"https:\\\/\\\/www.facebook.com\\\/profile.php?id=100095226347815\"]}]}<\/script>\n<!-- \/ Yoast SEO plugin. -->","yoast_head_json":{"title":"Road trip van - Dar El Hana","description":"Le Riad Dar el Hana est un petit h\u00f4tel familial. Nous proposons un road trip avec le van de Dar el Hana. Profitez du s\u00e9jour et du Maroc.","robots":{"index":"index","follow":"follow","max-snippet":"max-snippet:-1","max-image-preview":"max-image-preview:large","max-video-preview":"max-video-preview:-1"},"canonical":"https:\/\/dar-el-hana.com\/index.php\/road-trip-van\/","og_locale":"fr_FR","og_type":"article","og_title":"Road trip van - Dar El Hana","og_description":"Le Riad Dar el Hana est un petit h\u00f4tel familial. Nous proposons un road trip avec le van de Dar el Hana. Profitez du s\u00e9jour et du Maroc.","og_url":"https:\/\/dar-el-hana.com\/index.php\/road-trip-van\/","og_site_name":"Dar El Hana","article_publisher":"https:\/\/www.facebook.com\/profile.php?id=100095226347815","article_modified_time":"2023-09-11T13:00:09+00:00","og_image":[{"url":"https:\/\/dar-el-hana.com\/wp-content\/uploads\/2023\/08\/aquarelle_van_simple-1-1024x496.jpg","type":"","width":"","height":""}],"twitter_card":"summary_large_image","twitter_misc":{"Dur\u00e9e de lecture estim\u00e9e":"2 minutes"},"schema":{"@context":"https:\/\/schema.org","@graph":[{"@type":"WebPage","@id":"https:\/\/dar-el-hana.com\/index.php\/road-trip-van\/","url":"https:\/\/dar-el-hana.com\/index.php\/road-trip-van\/","name":"Road trip van - Dar El Hana","isPartOf":{"@id":"https:\/\/dar-el-hana.com\/#website"},"primaryImageOfPage":{"@id":"https:\/\/dar-el-hana.com\/index.php\/road-trip-van\/#primaryimage"},"image":{"@id":"https:\/\/dar-el-hana.com\/index.php\/road-trip-van\/#primaryimage"},"thumbnailUrl":"https:\/\/dar-el-hana.com\/wp-content\/uploads\/2023\/08\/aquarelle_van_simple-1-1024x496.jpg","datePublished":"2023-08-14T08:15:31+00:00","dateModified":"2023-09-11T13:00:09+00:00","description":"Le Riad Dar el Hana est un petit h\u00f4tel familial. Nous proposons un road trip avec le van de Dar el Hana. Profitez du s\u00e9jour et du Maroc.","breadcrumb":{"@id":"https:\/\/dar-el-hana.com\/index.php\/road-trip-van\/#breadcrumb"},"inLanguage":"fr-FR","potentialAction":[{"@type":"ReadAction","target":["https:\/\/dar-el-hana.com\/index.php\/road-trip-van\/"]}]},{"@type":"ImageObject","inLanguage":"fr-FR","@id":"https:\/\/dar-el-hana.com\/index.php\/road-trip-van\/#primaryimage","url":"https:\/\/dar-el-hana.com\/wp-content\/uploads\/2023\/08\/aquarelle_van_simple-1.jpg","contentUrl":"https:\/\/dar-el-hana.com\/wp-content\/uploads\/2023\/08\/aquarelle_van_simple-1.jpg","width":1600,"height":775},{"@type":"BreadcrumbList","@id":"https:\/\/dar-el-hana.com\/index.php\/road-trip-van\/#breadcrumb","itemListElement":[{"@type":"ListItem","position":1,"name":"Accueil","item":"https:\/\/dar-el-hana.com\/"},{"@type":"ListItem","position":2,"name":"Road trip van"}]},{"@type":"WebSite","@id":"https:\/\/dar-el-hana.com\/#website","url":"https:\/\/dar-el-hana.com\/","name":"Dar El Hana","description":"","publisher":{"@id":"https:\/\/dar-el-hana.com\/#organization"},"potentialAction":[{"@type":"SearchAction","target":{"@type":"EntryPoint","urlTemplate":"https:\/\/dar-el-hana.com\/?s={search_term_string}"},"query-input":{"@type":"PropertyValueSpecification","valueRequired":true,"valueName":"search_term_string"}}],"inLanguage":"fr-FR"},{"@type":"Organization","@id":"https:\/\/dar-el-hana.com\/#organization","name":"Dar El Hana","alternateName":"Dar El Hana","url":"https:\/\/dar-el-hana.com\/","logo":{"@type":"ImageObject","inLanguage":"fr-FR","@id":"https:\/\/dar-el-hana.com\/#\/schema\/logo\/image\/","url":"https:\/\/dar-el-hana.com\/wp-content\/uploads\/2023\/08\/image7-1.png","contentUrl":"https:\/\/dar-el-hana.com\/wp-content\/uploads\/2023\/08\/image7-1.png","width":696,"height":696,"caption":"Dar El Hana"},"image":{"@id":"https:\/\/dar-el-hana.com\/#\/schema\/logo\/image\/"},"sameAs":["https:\/\/www.facebook.com\/profile.php?id=100095226347815"]}]}},"_links":{"self":[{"href":"https:\/\/dar-el-hana.com\/index.php\/wp-json\/wp\/v2\/pages\/3581","targetHints":{"allow":["GET"]}}],"collection":[{"href":"https:\/\/dar-el-hana.com\/index.php\/wp-json\/wp\/v2\/pages"}],"about":[{"href":"https:\/\/dar-el-hana.com\/index.php\/wp-json\/wp\/v2\/types\/page"}],"author":[{"embeddable":true,"href":"https:\/\/dar-el-hana.com\/index.php\/wp-json\/wp\/v2\/users\/2"}],"replies":[{"embeddable":true,"href":"https:\/\/dar-el-hana.com\/index.php\/wp-json\/wp\/v2\/comments?post=3581"}],"version-history":[{"count":0,"href":"https:\/\/dar-el-hana.com\/index.php\/wp-json\/wp\/v2\/pages\/3581\/revisions"}],"wp:attachment":[{"href":"https:\/\/dar-el-hana.com\/index.php\/wp-json\/wp\/v2\/media?parent=3581"}],"curies":[{"name":"wp","href":"https:\/\/api.w.org\/{rel}","templated":true}]}}